{"id":434,"date":"2022-01-25T13:52:17","date_gmt":"2022-01-25T13:52:17","guid":{"rendered":"https:\/\/assvending08.com\/?page_id=434"},"modified":"2024-08-21T12:37:16","modified_gmt":"2024-08-21T12:37:16","slug":"conocenos","status":"publish","type":"page","link":"https:\/\/assvending08.com\/?page_id=434","title":{"rendered":"Con\u00f3cenos"},"content":{"rendered":"\t\t<div data-elementor-type=\"wp-page\" data-elementor-id=\"434\" class=\"elementor elementor-434\">\n\t\t\t\t\t\t<section class=\"elementor-section elementor-top-section elementor-element elementor-element-5595065 elementor-section-boxed elementor-section-height-default elementor-section-height-default\" data-id=\"5595065\" data-element_type=\"section\" data-e-type=\"section\" data-settings=\"{&quot;background_background&quot;:&quot;classic&quot;}\">\n\t\t\t\t\t\t<div class=\"elementor-container elementor-column-gap-extended\">\n\t\t\t\t\t<div class=\"elementor-column elementor-col-50 elementor-top-column elementor-element elementor-element-7361eec\" data-id=\"7361eec\" data-element_type=\"column\" data-e-type=\"column\">\n\t\t\t<div class=\"elementor-widget-wrap elementor-element-populated\">\n\t\t\t\t\t\t<div class=\"elementor-element elementor-element-a4b09a3 qu_heading elementor-align-left elementor-widget elementor-widget-tw-heading\" data-id=\"a4b09a3\" data-element_type=\"widget\" data-e-type=\"widget\" data-widget_type=\"tw-heading.default\">\n\t\t\t\t<div class=\"elementor-widget-container\">\n\t\t\t\t\t            <h1 class=\"qu_heading\">Calidad, Comodidad y Satisfacci\u00f3n del Cliente<\/h1>\r\n        \t\t\t\t<\/div>\n\t\t\t\t<\/div>\n\t\t\t\t<div class=\"elementor-element elementor-element-5a29880 sec_t_align elementor-align-left elementor-widget elementor-widget-tw-sec-title\" data-id=\"5a29880\" data-element_type=\"widget\" data-e-type=\"widget\" data-widget_type=\"tw-sec-title.default\">\n\t\t\t\t<div class=\"elementor-widget-container\">\n\t\t\t\t\t                    <div class=\"subTitle\">\r\n                                Conf\u00eda En Nosotros                            <\/div>\r\n                            <h2 class=\"secTitle\">Add Main Title<\/h2>\r\n                \t\t\t\t<\/div>\n\t\t\t\t<\/div>\n\t\t\t\t<div class=\"elementor-element elementor-element-b0c86b6 sec_paragraphs elementor-align-left elementor-widget elementor-widget-tw-text\" data-id=\"b0c86b6\" data-element_type=\"widget\" data-e-type=\"widget\" data-widget_type=\"tw-text.default\">\n\t\t\t\t<div class=\"elementor-widget-container\">\n\t\t\t\t\t                <p class=\"sc_paragraph\">Nuestros valores fundamentales se centran en la confiabilidad, la personalizaci\u00f3n y la diversidad de productos. Cada d\u00eda, nos esforzamos por superar las expectativas de nuestros clientes y brindar soluciones de vending a su medida.<\/p>\r\n            \t\t\t\t<\/div>\n\t\t\t\t<\/div>\n\t\t\t\t\t<\/div>\n\t\t<\/div>\n\t\t\t\t<div class=\"elementor-column elementor-col-50 elementor-top-column elementor-element elementor-element-47a84ee\" data-id=\"47a84ee\" data-element_type=\"column\" data-e-type=\"column\">\n\t\t\t<div class=\"elementor-widget-wrap elementor-element-populated\">\n\t\t\t\t\t\t<div class=\"elementor-element elementor-element-e3c430e elementor-widget elementor-widget-image\" data-id=\"e3c430e\" data-element_type=\"widget\" data-e-type=\"widget\" data-widget_type=\"image.default\">\n\t\t\t\t<div class=\"elementor-widget-container\">\n\t\t\t\t\t\t\t\t\t\t\t\t\t\t\t<img fetchpriority=\"high\" decoding=\"async\" width=\"1000\" height=\"1180\" src=\"https:\/\/assvending08.com\/wp-content\/uploads\/2023\/10\/woman-paying-for-product-at-vending-machine-using-_-utc.jpg\" class=\"attachment-full size-full wp-image-1904\" alt=\"mujer pagando por producto en maquina expendedora\" srcset=\"https:\/\/assvending08.com\/wp-content\/uploads\/2023\/10\/woman-paying-for-product-at-vending-machine-using-_-utc.jpg 1000w, https:\/\/assvending08.com\/wp-content\/uploads\/2023\/10\/woman-paying-for-product-at-vending-machine-using-_-utc-254x300.jpg 254w, https:\/\/assvending08.com\/wp-content\/uploads\/2023\/10\/woman-paying-for-product-at-vending-machine-using-_-utc-868x1024.jpg 868w, https:\/\/assvending08.com\/wp-content\/uploads\/2023\/10\/woman-paying-for-product-at-vending-machine-using-_-utc-768x906.jpg 768w\" sizes=\"(max-width: 1000px) 100vw, 1000px\" \/>\t\t\t\t\t\t\t\t\t\t\t\t\t\t\t<\/div>\n\t\t\t\t<\/div>\n\t\t\t\t\t<\/div>\n\t\t<\/div>\n\t\t\t\t\t<\/div>\n\t\t<\/section>\n\t\t\t\t<section class=\"elementor-section elementor-top-section elementor-element elementor-element-5809f72 elementor-section-full_width elementor-section-height-default elementor-section-height-default\" data-id=\"5809f72\" data-element_type=\"section\" data-e-type=\"section\" data-settings=\"{&quot;background_background&quot;:&quot;classic&quot;}\">\n\t\t\t\t\t\t\t<div class=\"elementor-background-overlay\"><\/div>\n\t\t\t\t\t\t\t<div class=\"elementor-container elementor-column-gap-no\">\n\t\t\t\t\t<div class=\"elementor-column elementor-col-100 elementor-top-column elementor-element elementor-element-644464c\" data-id=\"644464c\" data-element_type=\"column\" data-e-type=\"column\">\n\t\t\t<div class=\"elementor-widget-wrap elementor-element-populated\">\n\t\t\t\t\t\t<section class=\"elementor-section elementor-inner-section elementor-element elementor-element-1e4ad2e elementor-section-boxed elementor-section-height-default elementor-section-height-default\" data-id=\"1e4ad2e\" data-element_type=\"section\" data-e-type=\"section\">\n\t\t\t\t\t\t<div class=\"elementor-container elementor-column-gap-extended\">\n\t\t\t\t\t<div class=\"elementor-column elementor-col-100 elementor-inner-column elementor-element elementor-element-fe92728\" data-id=\"fe92728\" data-element_type=\"column\" data-e-type=\"column\">\n\t\t\t<div class=\"elementor-widget-wrap elementor-element-populated\">\n\t\t\t\t\t\t<div class=\"elementor-element elementor-element-982fb35 sec_t_align elementor-align-center elementor-widget elementor-widget-tw-sec-title\" data-id=\"982fb35\" data-element_type=\"widget\" data-e-type=\"widget\" data-widget_type=\"tw-sec-title.default\">\n\t\t\t\t<div class=\"elementor-widget-container\">\n\t\t\t\t\t                    <div class=\"subTitle\">\r\n                                Con\u00f3cenos                            <\/div>\r\n                            <h2 class=\"secTitle\">\u00c1reas De <span>Negocio<\/span><\/h2>\r\n                \t\t\t\t<\/div>\n\t\t\t\t<\/div>\n\t\t\t\t\t<\/div>\n\t\t<\/div>\n\t\t\t\t\t<\/div>\n\t\t<\/section>\n\t\t\t\t<section class=\"elementor-section elementor-inner-section elementor-element elementor-element-234f8a9 elementor-section-boxed elementor-section-height-default elementor-section-height-default\" data-id=\"234f8a9\" data-element_type=\"section\" data-e-type=\"section\">\n\t\t\t\t\t\t<div class=\"elementor-container elementor-column-gap-extended\">\n\t\t\t\t\t<div class=\"elementor-column elementor-col-33 elementor-inner-column elementor-element elementor-element-f09c042\" data-id=\"f09c042\" data-element_type=\"column\" data-e-type=\"column\">\n\t\t\t<div class=\"elementor-widget-wrap elementor-element-populated\">\n\t\t\t\t\t\t<div class=\"elementor-element elementor-element-0425d8d box_holder elementor-align-center elementor-widget elementor-widget-tw-icon-box\" data-id=\"0425d8d\" data-element_type=\"widget\" data-e-type=\"widget\" data-widget_type=\"tw-icon-box.default\">\n\t\t\t\t<div class=\"elementor-widget-container\">\n\t\t\t\t\t            <div class=\"icon_box_03 cmIbBox\">\r\n                <div class=\"ib_box\">\r\n                    <img decoding=\"async\" src=\"https:\/\/assvending08.com\/wp-content\/uploads\/2022\/01\/building.svg\" alt=\"Icon Image \"\/>                                            <span>01<\/span>\r\n                                    <\/div>\r\n                <h3>                    Kiosquet Obert 24 Horas                <\/h3>\r\n                <p>\r\n                    Dos tiendas 24 horas, ubicadas en Manises y Xirivella.                <\/p>\r\n            <\/div>\r\n            \t\t\t\t<\/div>\n\t\t\t\t<\/div>\n\t\t\t\t\t<\/div>\n\t\t<\/div>\n\t\t\t\t<div class=\"elementor-column elementor-col-33 elementor-inner-column elementor-element elementor-element-6fa6ee3\" data-id=\"6fa6ee3\" data-element_type=\"column\" data-e-type=\"column\">\n\t\t\t<div class=\"elementor-widget-wrap elementor-element-populated\">\n\t\t\t\t\t\t<div class=\"elementor-element elementor-element-93956fd box_holder elementor-align-center elementor-widget elementor-widget-tw-icon-box\" data-id=\"93956fd\" data-element_type=\"widget\" data-e-type=\"widget\" data-widget_type=\"tw-icon-box.default\">\n\t\t\t\t<div class=\"elementor-widget-container\">\n\t\t\t\t\t            <div class=\"icon_box_03 cmIbBox\">\r\n                <div class=\"ib_box\">\r\n                    <img decoding=\"async\" src=\"https:\/\/assvending08.com\/wp-content\/uploads\/2022\/01\/Vending.svg\" alt=\"Icon Image \"\/>                                            <span>02<\/span>\r\n                                    <\/div>\r\n                <h3>                    M\u00e1quinas Expendedoras                <\/h3>\r\n                <p>\r\n                    M\u00e1quinas expendedoras ubicadas en empresas de todos los sectores.                <\/p>\r\n            <\/div>\r\n            \t\t\t\t<\/div>\n\t\t\t\t<\/div>\n\t\t\t\t\t<\/div>\n\t\t<\/div>\n\t\t\t\t<div class=\"elementor-column elementor-col-33 elementor-inner-column elementor-element elementor-element-a724aff\" data-id=\"a724aff\" data-element_type=\"column\" data-e-type=\"column\">\n\t\t\t<div class=\"elementor-widget-wrap elementor-element-populated\">\n\t\t\t\t\t\t<div class=\"elementor-element elementor-element-62c5a2b box_holder elementor-align-center elementor-widget elementor-widget-tw-icon-box\" data-id=\"62c5a2b\" data-element_type=\"widget\" data-e-type=\"widget\" data-widget_type=\"tw-icon-box.default\">\n\t\t\t\t<div class=\"elementor-widget-container\">\n\t\t\t\t\t            <div class=\"icon_box_03 cmIbBox\">\r\n                <div class=\"ib_box\">\r\n                    <img decoding=\"async\" src=\"https:\/\/assvending08.com\/wp-content\/uploads\/2022\/01\/Products.svg\" alt=\"Icon Image \"\/>                                            <span>03<\/span>\r\n                                    <\/div>\r\n                <h3>                    Suministros Productos                <\/h3>\r\n                <p>\r\n                    Suministro de productos a todos clientes que lo necesiten.                <\/p>\r\n            <\/div>\r\n            \t\t\t\t<\/div>\n\t\t\t\t<\/div>\n\t\t\t\t\t<\/div>\n\t\t<\/div>\n\t\t\t\t\t<\/div>\n\t\t<\/section>\n\t\t\t\t\t<\/div>\n\t\t<\/div>\n\t\t\t\t\t<\/div>\n\t\t<\/section>\n\t\t\t\t<section class=\"elementor-section elementor-top-section elementor-element elementor-element-1520463 elementor-section-boxed elementor-section-height-default elementor-section-height-default\" data-id=\"1520463\" data-element_type=\"section\" data-e-type=\"section\">\n\t\t\t\t\t\t<div class=\"elementor-container elementor-column-gap-default\">\n\t\t\t\t\t<div class=\"elementor-column elementor-col-100 elementor-top-column elementor-element elementor-element-040c825\" data-id=\"040c825\" data-element_type=\"column\" data-e-type=\"column\">\n\t\t\t<div class=\"elementor-widget-wrap elementor-element-populated\">\n\t\t\t\t\t\t<div class=\"elementor-element elementor-element-1586428 sec_t_align elementor-align-center elementor-widget elementor-widget-tw-sec-title\" data-id=\"1586428\" data-element_type=\"widget\" data-e-type=\"widget\" data-widget_type=\"tw-sec-title.default\">\n\t\t\t\t<div class=\"elementor-widget-container\">\n\t\t\t\t\t                    <div class=\"subTitle\">\r\n                <span class=\"bleft\"><\/span>                Historia                <span class=\"bright\"><\/span>            <\/div>\r\n                            <h2 class=\"secTitle\">Nuestra Trayectoria<\/h2>\r\n                \t\t\t\t<\/div>\n\t\t\t\t<\/div>\n\t\t\t\t<div class=\"elementor-element elementor-element-80dc5d4 elementor-widget__width-initial elementor-widget elementor-widget-tw-history\" data-id=\"80dc5d4\" data-element_type=\"widget\" data-e-type=\"widget\" data-widget_type=\"tw-history.default\">\n\t\t\t\t<div class=\"elementor-widget-container\">\n\t\t\t\t\t        <div class=\"historyWrapper\">\r\n            <div class=\"bars\"><\/div>\r\n                        <div class=\"historyItem \">\r\n                <div class=\"row\">\r\n                                        <div class=\"col-md-6\">\r\n                        <h2>2005<\/h2>\r\n                    <\/div>\r\n                                        <div class=\"col-md-6\">\r\n                        <div class=\"historyContent\">\r\n                            <img decoding=\"async\" src=\"https:\/\/assvending08.com\/wp-content\/uploads\/2023\/10\/zIntalacion-Comedor-Cristaleria-2-scaled.jpg\" alt=\"history\">\r\n                            <div class=\"hcinner\">\r\n                                                                    <span>01<\/span>\r\n                                                                                                    <h3>Inicio<\/h3>\r\n                                                                                                    <p>Montaje de maquinas expendedoras en todo tipo de empresas o establecimientos.<\/p>\r\n                                                            <\/div>\r\n                        <\/div>\r\n                    <\/div>\r\n                                    <\/div>\r\n            <\/div>\r\n                        <div class=\"historyItem \">\r\n                <div class=\"row\">\r\n                                        <div class=\"col-md-6\">\r\n                        <h2>2008<\/h2>\r\n                    <\/div>\r\n                                        <div class=\"col-md-6\">\r\n                        <div class=\"historyContent\">\r\n                            <img decoding=\"async\" src=\"https:\/\/assvending08.com\/wp-content\/uploads\/2023\/10\/zIntalacion-Conduc-1-scaled.jpg\" alt=\"history\">\r\n                            <div class=\"hcinner\">\r\n                                                                    <span>02<\/span>\r\n                                                                                                    <h3>SL<\/h3>\r\n                                                                                                    <p>Dimos un paso importante en nuestra evoluci\u00f3n empresarial al fundar ASS Vending 08 SL. <\/p>\r\n                                                            <\/div>\r\n                        <\/div>\r\n                    <\/div>\r\n                                    <\/div>\r\n            <\/div>\r\n                        <div class=\"historyItem \">\r\n                <div class=\"row\">\r\n                                        <div class=\"col-md-6\">\r\n                        <h2>2015<\/h2>\r\n                    <\/div>\r\n                                        <div class=\"col-md-6\">\r\n                        <div class=\"historyContent\">\r\n                            <img decoding=\"async\" src=\"https:\/\/assvending08.com\/wp-content\/uploads\/2023\/10\/24horas-Manises_.jpg\" alt=\"history\">\r\n                            <div class=\"hcinner\">\r\n                                                                    <span>03<\/span>\r\n                                                                                                    <h3>Primer 24 Horas<\/h3>\r\n                                                                                                    <p>Abrimos nuestra primera tienda 24 horas en Manises. Proporcionando a nuestros clientes un acceso ininterrumpido.<\/p>\r\n                                                            <\/div>\r\n                        <\/div>\r\n                    <\/div>\r\n                                    <\/div>\r\n            <\/div>\r\n                        <div class=\"historyItem \">\r\n                <div class=\"row\">\r\n                                        <div class=\"col-md-6\">\r\n                        <h2>2019<\/h2>\r\n                    <\/div>\r\n                                        <div class=\"col-md-6\">\r\n                        <div class=\"historyContent\">\r\n                            <img decoding=\"async\" src=\"https:\/\/assvending08.com\/wp-content\/uploads\/2023\/10\/zIntalacion-GMXirivella.jpg\" alt=\"history\">\r\n                            <div class=\"hcinner\">\r\n                                                                    <span>04<\/span>\r\n                                                                                                    <h3>Segundo 24 Horas<\/h3>\r\n                                                                                                    <p>Gracias a la acogida positiva inauguramos nuestra segunda tienda 24 horas en Xirivella<\/p>\r\n                                                            <\/div>\r\n                        <\/div>\r\n                    <\/div>\r\n                                    <\/div>\r\n            <\/div>\r\n                        <div class=\"historyItem \">\r\n                <div class=\"row\">\r\n                                        <div class=\"col-md-6\">\r\n                        <h2>2023<\/h2>\r\n                    <\/div>\r\n                                        <div class=\"col-md-6\">\r\n                        <div class=\"historyContent\">\r\n                            <img decoding=\"async\" src=\"https:\/\/assvending08.com\/wp-content\/uploads\/2022\/01\/Hotel-EHI-Bonaire-e1697886879864.jpg\" alt=\"history\">\r\n                            <div class=\"hcinner\">\r\n                                                                    <span>05<\/span>\r\n                                                                                                    <h3>Continuamos<\/h3>\r\n                                                                                                    <p>Hasta la fecha, nuestra historia contin\u00faa. Nuestra misi\u00f3n sigue siendo brindar a nuestros clientes un servicio r\u00e1pido y de calidad.<\/p>\r\n                                                            <\/div>\r\n                        <\/div>\r\n                    <\/div>\r\n                                    <\/div>\r\n            <\/div>\r\n                    <\/div>\r\n        \t\t\t\t<\/div>\n\t\t\t\t<\/div>\n\t\t\t\t\t<\/div>\n\t\t<\/div>\n\t\t\t\t\t<\/div>\n\t\t<\/section>\n\t\t\t\t<section class=\"elementor-section elementor-top-section elementor-element elementor-element-fbff9aa elementor-section-boxed elementor-section-height-default elementor-section-height-default\" data-id=\"fbff9aa\" data-element_type=\"section\" data-e-type=\"section\">\n\t\t\t\t\t\t<div class=\"elementor-container elementor-column-gap-default\">\n\t\t\t\t\t<div class=\"elementor-column elementor-col-100 elementor-top-column elementor-element elementor-element-0c2933f\" data-id=\"0c2933f\" data-element_type=\"column\" data-e-type=\"column\">\n\t\t\t<div class=\"elementor-widget-wrap\">\n\t\t\t\t\t\t\t<\/div>\n\t\t<\/div>\n\t\t\t\t\t<\/div>\n\t\t<\/section>\n\t\t\t\t<\/div>\n\t\t","protected":false},"excerpt":{"rendered":"<p>Calidad, Comodidad y Satisfacci\u00f3n del Cliente Conf\u00eda En Nosotros Add Main Title Nuestros valores fundamentales se centran en la confiabilidad, la personalizaci\u00f3n y la diversidad de productos. Cada d\u00eda, nos esforzamos por superar las expectativas de nuestros clientes y brindar soluciones de vending a su medida. Con\u00f3cenos \u00c1reas De Negocio 01 Kiosquet Obert 24 Horas [&hellip;]<\/p>\n","protected":false},"author":1,"featured_media":0,"parent":0,"menu_order":0,"comment_status":"closed","ping_status":"closed","template":"page-templates\/quera-full-width.php","meta":{"footnotes":""},"class_list":["post-434","page","type-page","status-publish","hentry"],"_links":{"self":[{"href":"https:\/\/assvending08.com\/index.php?rest_route=\/wp\/v2\/pages\/434","targetHints":{"allow":["GET"]}}],"collection":[{"href":"https:\/\/assvending08.com\/index.php?rest_route=\/wp\/v2\/pages"}],"about":[{"href":"https:\/\/assvending08.com\/index.php?rest_route=\/wp\/v2\/types\/page"}],"author":[{"embeddable":true,"href":"https:\/\/assvending08.com\/index.php?rest_route=\/wp\/v2\/users\/1"}],"replies":[{"embeddable":true,"href":"https:\/\/assvending08.com\/index.php?rest_route=%2Fwp%2Fv2%2Fcomments&post=434"}],"version-history":[{"count":214,"href":"https:\/\/assvending08.com\/index.php?rest_route=\/wp\/v2\/pages\/434\/revisions"}],"predecessor-version":[{"id":2783,"href":"https:\/\/assvending08.com\/index.php?rest_route=\/wp\/v2\/pages\/434\/revisions\/2783"}],"wp:attachment":[{"href":"https:\/\/assvending08.com\/index.php?rest_route=%2Fwp%2Fv2%2Fmedia&parent=434"}],"curies":[{"name":"wp","href":"https:\/\/api.w.org\/{rel}","templated":true}]}}