{"id":54,"date":"2022-01-25T06:35:51","date_gmt":"2022-01-25T06:35:51","guid":{"rendered":"https:\/\/assvending08.com\/?page_id=54"},"modified":"2024-08-21T12:06:43","modified_gmt":"2024-08-21T12:06:43","slug":"contacto","status":"publish","type":"page","link":"https:\/\/assvending08.com\/?page_id=54","title":{"rendered":"Contacto"},"content":{"rendered":"\t\t<div data-elementor-type=\"wp-page\" data-elementor-id=\"54\" class=\"elementor elementor-54\">\n\t\t\t\t\t\t<section class=\"elementor-section elementor-top-section elementor-element elementor-element-845f75e elementor-section-boxed elementor-section-height-default elementor-section-height-default\" data-id=\"845f75e\" data-element_type=\"section\" data-e-type=\"section\" data-settings=\"{&quot;background_background&quot;:&quot;classic&quot;}\">\n\t\t\t\t\t\t<div class=\"elementor-container elementor-column-gap-extended\">\n\t\t\t\t\t<div class=\"elementor-column elementor-col-33 elementor-top-column elementor-element elementor-element-a98b699\" data-id=\"a98b699\" data-element_type=\"column\" data-e-type=\"column\">\n\t\t\t<div class=\"elementor-widget-wrap elementor-element-populated\">\n\t\t\t\t\t\t<div class=\"elementor-element elementor-element-de901dd box_holder elementor-widescreen-align-left box_holder elementor-align-left elementor-widget elementor-widget-tw-icon-box\" data-id=\"de901dd\" data-element_type=\"widget\" data-e-type=\"widget\" data-widget_type=\"tw-icon-box.default\">\n\t\t\t\t<div class=\"elementor-widget-container\">\n\t\t\t\t\t            <div class=\"icon_box_10 cmIbBox\">\r\n                <div class=\"ib_box\">\r\n                    <i class=\"icons-location-pin\"><\/i>                <\/div>\r\n                <h3>                    Encu\u00e9ntranos:                <\/h3>\r\n                <p>\r\n                    Avenida Del Cami Nou, 187. <br>46950. Xirivella - Valencia.                <\/p>\r\n            <\/div>\r\n            \t\t\t\t<\/div>\n\t\t\t\t<\/div>\n\t\t\t\t\t<\/div>\n\t\t<\/div>\n\t\t\t\t<div class=\"elementor-column elementor-col-33 elementor-top-column elementor-element elementor-element-8c56174\" data-id=\"8c56174\" data-element_type=\"column\" data-e-type=\"column\">\n\t\t\t<div class=\"elementor-widget-wrap elementor-element-populated\">\n\t\t\t\t\t\t<div class=\"elementor-element elementor-element-b114cc0 box_holder elementor-widescreen-align-left box_holder elementor-align-left elementor-widget elementor-widget-tw-icon-box\" data-id=\"b114cc0\" data-element_type=\"widget\" data-e-type=\"widget\" data-widget_type=\"tw-icon-box.default\">\n\t\t\t\t<div class=\"elementor-widget-container\">\n\t\t\t\t\t            <div class=\"icon_box_10 cmIbBox\">\r\n                <div class=\"ib_box\">\r\n                    <i class=\"icons-telephone\"><\/i>                <\/div>\r\n                <h3>                    Ll\u00e1manos:                <\/h3>\r\n                <p>\r\n                    +34 96 379 28 17 <br>Contestador\n                <\/p>\r\n            <\/div>\r\n            \t\t\t\t<\/div>\n\t\t\t\t<\/div>\n\t\t\t\t\t<\/div>\n\t\t<\/div>\n\t\t\t\t<div class=\"elementor-column elementor-col-33 elementor-top-column elementor-element elementor-element-81303b4\" data-id=\"81303b4\" data-element_type=\"column\" data-e-type=\"column\">\n\t\t\t<div class=\"elementor-widget-wrap elementor-element-populated\">\n\t\t\t\t\t\t<div class=\"elementor-element elementor-element-e1b9b9f box_holder elementor-widescreen-align-left box_holder elementor-align-left elementor-widget elementor-widget-tw-icon-box\" data-id=\"e1b9b9f\" data-element_type=\"widget\" data-e-type=\"widget\" data-widget_type=\"tw-icon-box.default\">\n\t\t\t\t<div class=\"elementor-widget-container\">\n\t\t\t\t\t            <div class=\"icon_box_10 cmIbBox\">\r\n                <div class=\"ib_box\">\r\n                    <i class=\"icons-envelope-1\"><\/i>                <\/div>\r\n                <h3>                    Escr\u00edbenos                <\/h3>\r\n                <p>\r\n                    info@assvending08.com                <\/p>\r\n            <\/div>\r\n            \t\t\t\t<\/div>\n\t\t\t\t<\/div>\n\t\t\t\t\t<\/div>\n\t\t<\/div>\n\t\t\t\t\t<\/div>\n\t\t<\/section>\n\t\t\t\t<section class=\"elementor-section elementor-top-section elementor-element elementor-element-ddfa336 elementor-section-boxed elementor-section-height-default elementor-section-height-default\" data-id=\"ddfa336\" data-element_type=\"section\" data-e-type=\"section\">\n\t\t\t\t\t\t<div class=\"elementor-container elementor-column-gap-extended\">\n\t\t\t\t\t<div class=\"elementor-column elementor-col-100 elementor-top-column elementor-element elementor-element-f014281\" data-id=\"f014281\" data-element_type=\"column\" data-e-type=\"column\">\n\t\t\t<div class=\"elementor-widget-wrap elementor-element-populated\">\n\t\t\t\t\t\t<div class=\"elementor-element elementor-element-d00fae0 contact_align elementor-widescreen-align-left contact_align elementor-mobile-align-left contact_align elementor-align-left elementor-widget elementor-widget-tw-contact-form\" data-id=\"d00fae0\" data-element_type=\"widget\" data-e-type=\"widget\" data-widget_type=\"tw-contact-form.default\">\n\t\t\t\t<div class=\"elementor-widget-container\">\n\t\t\t\t\t<div class=\"appointment_form\">                                    <p>O tambi\u00e9n puedes utilizar el formulario a continuaci\u00f3n. Te responderemos en la mayor brevedad posible.<\/p>                    <h3>Haznos tu consulta<\/h3>\n<div class=\"wpcf7 no-js\" id=\"wpcf7-f5-o1\" lang=\"en-US\" dir=\"ltr\" data-wpcf7-id=\"5\">\n<div class=\"screen-reader-response\"><p role=\"status\" aria-live=\"polite\" aria-atomic=\"true\"><\/p> <ul><\/ul><\/div>\n<form action=\"\/index.php?rest_route=%2Fwp%2Fv2%2Fpages%2F54#wpcf7-f5-o1\" method=\"post\" class=\"wpcf7-form init\" aria-label=\"Contact form\" novalidate=\"novalidate\" data-status=\"init\">\n<fieldset class=\"hidden-fields-container\"><input type=\"hidden\" name=\"_wpcf7\" value=\"5\" \/><input type=\"hidden\" name=\"_wpcf7_version\" value=\"6.1.5\" \/><input type=\"hidden\" name=\"_wpcf7_locale\" value=\"en_US\" \/><input type=\"hidden\" name=\"_wpcf7_unit_tag\" value=\"wpcf7-f5-o1\" \/><input type=\"hidden\" name=\"_wpcf7_container_post\" value=\"0\" \/><input type=\"hidden\" name=\"_wpcf7_posted_data_hash\" value=\"\" \/><input type=\"hidden\" name=\"_wpcf7_recaptcha_response\" value=\"\" \/>\n<\/fieldset>\n<div class=\"row\">\n\t<div class=\"input-field col-md-6\">\n\t\t<p><i class=\"twi-user2\"><\/i><span class=\"wpcf7-form-control-wrap\" data-name=\"text-144\"><input size=\"40\" maxlength=\"400\" class=\"wpcf7-form-control wpcf7-text wpcf7-validates-as-required\" aria-required=\"true\" aria-invalid=\"false\" placeholder=\"Nombre\" value=\"\" type=\"text\" name=\"text-144\" \/><\/span>\n\t\t<\/p>\n\t<\/div>\n\t<div class=\"input-field col-md-6\">\n\t\t<p><i class=\"twi-envelope2\"><\/i><span class=\"wpcf7-form-control-wrap\" data-name=\"email-946\"><input size=\"40\" maxlength=\"400\" class=\"wpcf7-form-control wpcf7-email wpcf7-validates-as-required wpcf7-text wpcf7-validates-as-email\" aria-required=\"true\" aria-invalid=\"false\" placeholder=\"Email\" value=\"\" type=\"email\" name=\"email-946\" \/><\/span>\n\t\t<\/p>\n\t<\/div>\n\t<div class=\"input-field col-md-6\">\n\t\t<p><i class=\"twi-map-marker-alt2\"><\/i><span class=\"wpcf7-form-control-wrap\" data-name=\"text-145\"><input size=\"40\" maxlength=\"400\" class=\"wpcf7-form-control wpcf7-text\" aria-invalid=\"false\" placeholder=\"Ubicaci\u00f3n\" value=\"\" type=\"text\" name=\"text-145\" \/><\/span>\n\t\t<\/p>\n\t<\/div>\n\t<div class=\"input-field col-md-6\">\n\t\t<p><span class=\"wpcf7-form-control-wrap\" data-name=\"menu-143\"><select class=\"wpcf7-form-control wpcf7-select wpcf7-validates-as-required\" aria-required=\"true\" aria-invalid=\"false\" name=\"menu-143\"><option value=\"Me interesa\">Me interesa<\/option><option value=\"M\u00e1quina Vending\">M\u00e1quina Vending<\/option><option value=\"Suministro de Producto\">Suministro de Producto<\/option><\/select><\/span>\n\t\t<\/p>\n\t<\/div>\n\t<div class=\"input-field col-md-12\">\n\t\t<p><i class=\"twi-comment-lines2\"><\/i><span class=\"wpcf7-form-control-wrap\" data-name=\"textarea-126\"><textarea cols=\"40\" rows=\"10\" maxlength=\"2000\" class=\"wpcf7-form-control wpcf7-textarea wpcf7-validates-as-required\" aria-required=\"true\" aria-invalid=\"false\" placeholder=\"Detalles\" name=\"textarea-126\"><\/textarea><\/span>\n\t\t<\/p>\n\t<\/div>\n\t<div class=\"input-field col-md-12\">\n\t\t<p><button type=\"submit\" class=\"qu_btn\">Enviar<\/button>\n\t\t<\/p>\n\t<\/div>\n<\/div><div class=\"wpcf7-response-output\" aria-hidden=\"true\"><\/div>\n<\/form>\n<\/div>\n<\/div>\t\t\t\t<\/div>\n\t\t\t\t<\/div>\n\t\t\t\t\t<\/div>\n\t\t<\/div>\n\t\t\t\t\t<\/div>\n\t\t<\/section>\n\t\t\t\t<section class=\"elementor-section elementor-top-section elementor-element elementor-element-01d684d elementor-section-full_width elementor-section-height-default elementor-section-height-default\" data-id=\"01d684d\" data-element_type=\"section\" data-e-type=\"section\">\n\t\t\t\t\t\t<div class=\"elementor-container elementor-column-gap-no\">\n\t\t\t\t\t<div class=\"elementor-column elementor-col-100 elementor-top-column elementor-element elementor-element-9361b7b\" data-id=\"9361b7b\" data-element_type=\"column\" data-e-type=\"column\">\n\t\t\t<div class=\"elementor-widget-wrap elementor-element-populated\">\n\t\t\t\t\t\t<div class=\"elementor-element elementor-element-0d7c96b elementor-widget elementor-widget-google_maps\" data-id=\"0d7c96b\" data-element_type=\"widget\" data-e-type=\"widget\" data-widget_type=\"google_maps.default\">\n\t\t\t\t<div class=\"elementor-widget-container\">\n\t\t\t\t\t\t\t<div class=\"elementor-custom-embed\">\n\t\t\t<iframe loading=\"lazy\"\n\t\t\t\t\tsrc=\"https:\/\/maps.google.com\/maps?q=Kiosquet%20Obert%2024%20horas%20Xirivella&#038;t=m&#038;z=15&#038;output=embed&#038;iwloc=near\"\n\t\t\t\t\ttitle=\"Kiosquet Obert 24 horas Xirivella\"\n\t\t\t\t\taria-label=\"Kiosquet Obert 24 horas Xirivella\"\n\t\t\t><\/iframe>\n\t\t<\/div>\n\t\t\t\t\t\t<\/div>\n\t\t\t\t<\/div>\n\t\t\t\t\t<\/div>\n\t\t<\/div>\n\t\t\t\t\t<\/div>\n\t\t<\/section>\n\t\t\t\t<section class=\"elementor-section elementor-top-section elementor-element elementor-element-796ef10 elementor-section-full_width elementor-section-height-default elementor-section-height-default\" data-id=\"796ef10\" data-element_type=\"section\" data-e-type=\"section\">\n\t\t\t\t\t\t<div class=\"elementor-container elementor-column-gap-default\">\n\t\t\t\t\t<div class=\"elementor-column elementor-col-100 elementor-top-column elementor-element elementor-element-bc79d59\" data-id=\"bc79d59\" data-element_type=\"column\" data-e-type=\"column\">\n\t\t\t<div class=\"elementor-widget-wrap elementor-element-populated\">\n\t\t\t\t\t\t<div class=\"elementor-element elementor-element-67cd470 elementor-widget elementor-widget-heading\" data-id=\"67cd470\" data-element_type=\"widget\" data-e-type=\"widget\" data-widget_type=\"heading.default\">\n\t\t\t\t<div class=\"elementor-widget-container\">\n\t\t\t\t\t<h2 class=\"elementor-heading-title elementor-size-default\">El Impacto de ASS Vending 08: L\u00edderes en Vending 24 Horas<\/h2>\t\t\t\t<\/div>\n\t\t\t\t<\/div>\n\t\t\t\t<div class=\"elementor-element elementor-element-18210fd elementor-widget elementor-widget-text-editor\" data-id=\"18210fd\" data-element_type=\"widget\" data-e-type=\"widget\" data-widget_type=\"text-editor.default\">\n\t\t\t\t<div class=\"elementor-widget-container\">\n\t\t\t\t\t\t\t\t\t<p>El mundo del vending ha experimentado una transformaci\u00f3n significativa en los \u00faltimos a\u00f1os, y ASS Vending 08 se ha destacado como un l\u00edder en esta revoluci\u00f3n. Con un enfoque en la comodidad y la disponibilidad constante, ASS Vending 08 ha redefinido lo que significa el vending 24 horas. En este art\u00edculo, exploraremos c\u00f3mo ASS Vending 08 ha estado marcando la pauta en esta industria y c\u00f3mo su compromiso con la calidad, la diversidad de productos y la satisfacci\u00f3n del cliente ha revolucionado el vending 24 horas.<\/p>\t\t\t\t\t\t\t\t<\/div>\n\t\t\t\t<\/div>\n\t\t\t\t<section class=\"elementor-section elementor-inner-section elementor-element elementor-element-ae3cf1c elementor-section-full_width elementor-section-height-default elementor-section-height-default\" data-id=\"ae3cf1c\" data-element_type=\"section\" data-e-type=\"section\">\n\t\t\t\t\t\t<div class=\"elementor-container elementor-column-gap-default\">\n\t\t\t\t\t<div class=\"elementor-column elementor-col-33 elementor-inner-column elementor-element elementor-element-2c7342e\" data-id=\"2c7342e\" data-element_type=\"column\" data-e-type=\"column\">\n\t\t\t<div class=\"elementor-widget-wrap elementor-element-populated\">\n\t\t\t\t\t\t<div class=\"elementor-element elementor-element-767adae elementor-widget elementor-widget-heading\" data-id=\"767adae\" data-element_type=\"widget\" data-e-type=\"widget\" data-widget_type=\"heading.default\">\n\t\t\t\t<div class=\"elementor-widget-container\">\n\t\t\t\t\t<h3 class=\"elementor-heading-title elementor-size-default\"> Innovaci\u00f3n en Vending 24 Horas <\/h3>\t\t\t\t<\/div>\n\t\t\t\t<\/div>\n\t\t\t\t<div class=\"elementor-element elementor-element-e99361d elementor-widget__width-initial elementor-widget elementor-widget-text-editor\" data-id=\"e99361d\" data-element_type=\"widget\" data-e-type=\"widget\" data-widget_type=\"text-editor.default\">\n\t\t\t\t<div class=\"elementor-widget-container\">\n\t\t\t\t\t\t\t\t\t<p>Desde su inicio, ASS Vending 08 ha sido pionero en la entrega de servicios de vending las 24 horas. Su compromiso con la innovaci\u00f3n se refleja en la elecci\u00f3n de m\u00e1quinas de \u00faltima generaci\u00f3n y sistemas de pago seguros. Esto ha llevado a una experiencia de vending m\u00e1s eficiente y accesible para los consumidores, en cualquier momento del d\u00eda o de la noche.<\/p>\t\t\t\t\t\t\t\t<\/div>\n\t\t\t\t<\/div>\n\t\t\t\t\t<\/div>\n\t\t<\/div>\n\t\t\t\t<div class=\"elementor-column elementor-col-33 elementor-inner-column elementor-element elementor-element-6c6d75a\" data-id=\"6c6d75a\" data-element_type=\"column\" data-e-type=\"column\">\n\t\t\t<div class=\"elementor-widget-wrap elementor-element-populated\">\n\t\t\t\t\t\t<div class=\"elementor-element elementor-element-0508bee elementor-widget elementor-widget-heading\" data-id=\"0508bee\" data-element_type=\"widget\" data-e-type=\"widget\" data-widget_type=\"heading.default\">\n\t\t\t\t<div class=\"elementor-widget-container\">\n\t\t\t\t\t<h3 class=\"elementor-heading-title elementor-size-default\">Diversidad de Productos<\/h3>\t\t\t\t<\/div>\n\t\t\t\t<\/div>\n\t\t\t\t<div class=\"elementor-element elementor-element-07ccaa2 elementor-widget elementor-widget-text-editor\" data-id=\"07ccaa2\" data-element_type=\"widget\" data-e-type=\"widget\" data-widget_type=\"text-editor.default\">\n\t\t\t\t<div class=\"elementor-widget-container\">\n\t\t\t\t\t\t\t\t\t<p>Una de las caracter\u00edsticas distintivas de ASS Vending 08 es la amplia variedad de productos que ofrecen en sus m\u00e1quinas las 24 horas. M\u00e1s all\u00e1 de los aperitivos y bebidas tradicionales, su cat\u00e1logo incluye opciones saludables, alimentos gourmet, bebidas energ\u00e9ticas, caf\u00e9 de primera calidad y productos de cuidado personal. Esta diversidad garantiza que haya algo para todos los gustos y necesidades, lo que ha contribuido a su \u00e9xito en una variedad de entornos.<\/p>\t\t\t\t\t\t\t\t<\/div>\n\t\t\t\t<\/div>\n\t\t\t\t\t<\/div>\n\t\t<\/div>\n\t\t\t\t<div class=\"elementor-column elementor-col-33 elementor-inner-column elementor-element elementor-element-42a0d1a\" data-id=\"42a0d1a\" data-element_type=\"column\" data-e-type=\"column\">\n\t\t\t<div class=\"elementor-widget-wrap elementor-element-populated\">\n\t\t\t\t\t\t<div class=\"elementor-element elementor-element-bc1d3ad elementor-widget elementor-widget-heading\" data-id=\"bc1d3ad\" data-element_type=\"widget\" data-e-type=\"widget\" data-widget_type=\"heading.default\">\n\t\t\t\t<div class=\"elementor-widget-container\">\n\t\t\t\t\t<h3 class=\"elementor-heading-title elementor-size-default\">Satisfacci\u00f3n del Cliente y Fidelidad<\/h3>\t\t\t\t<\/div>\n\t\t\t\t<\/div>\n\t\t\t\t<div class=\"elementor-element elementor-element-a76a40b elementor-widget elementor-widget-text-editor\" data-id=\"a76a40b\" data-element_type=\"widget\" data-e-type=\"widget\" data-widget_type=\"text-editor.default\">\n\t\t\t\t<div class=\"elementor-widget-container\">\n\t\t\t\t\t\t\t\t\t<p>ASS Vending 08 ha establecido relaciones s\u00f3lidas con sus clientes al hacer de la satisfacci\u00f3n del cliente su m\u00e1xima prioridad. Ofrecen un servicio confiable y est\u00e1n atentos a las necesidades espec\u00edficas de cada cliente. Esto ha llevado a una base de clientes leales y al reconocimiento de ASS Vending 08como una empresa que se preocupa por la experiencia del cliente.<\/p>\t\t\t\t\t\t\t\t<\/div>\n\t\t\t\t<\/div>\n\t\t\t\t\t<\/div>\n\t\t<\/div>\n\t\t\t\t\t<\/div>\n\t\t<\/section>\n\t\t\t\t<div class=\"elementor-element elementor-element-d37ef64 elementor-widget elementor-widget-text-editor\" data-id=\"d37ef64\" data-element_type=\"widget\" data-e-type=\"widget\" data-widget_type=\"text-editor.default\">\n\t\t\t\t<div class=\"elementor-widget-container\">\n\t\t\t\t\t\t\t\t\t<p>ASS Vending 08 ha dejado una huella significativa en la transformaci\u00f3n del vending 24 horas. Su enfoque en la innovaci\u00f3n, la diversidad de productos y la satisfacci\u00f3n del cliente ha establecido un est\u00e1ndar en la industria. A medida que el vending 24 horas contin\u00faa creciendo en importancia en nuestra vida cotidiana, ASS Vending 08 sigue liderando el camino con soluciones de calidad y una dedicaci\u00f3n constante al cliente. Gracias a su compromiso, ASS Vending 08 ha cambiado la forma en que percibimos y experimentamos el vending las 24 horas.<\/p>\t\t\t\t\t\t\t\t<\/div>\n\t\t\t\t<\/div>\n\t\t\t\t\t<\/div>\n\t\t<\/div>\n\t\t\t\t\t<\/div>\n\t\t<\/section>\n\t\t\t\t<\/div>\n\t\t","protected":false},"excerpt":{"rendered":"<p>Encu\u00e9ntranos: Avenida Del Cami Nou, 187. 46950. Xirivella &#8211; Valencia. Ll\u00e1manos: +34 96 379 28 17 Contestador Escr\u00edbenos info@assvending08.com O tambi\u00e9n puedes utilizar el formulario a continuaci\u00f3n. Te responderemos en la mayor brevedad posible. Haznos tu consulta Me interesaM\u00e1quina VendingSuministro de Producto Enviar El Impacto de ASS Vending 08: L\u00edderes en Vending 24 Horas El [&hellip;]<\/p>\n","protected":false},"author":1,"featured_media":0,"parent":0,"menu_order":0,"comment_status":"closed","ping_status":"closed","template":"page-templates\/quera-full-width.php","meta":{"footnotes":""},"class_list":["post-54","page","type-page","status-publish","hentry"],"_links":{"self":[{"href":"https:\/\/assvending08.com\/index.php?rest_route=\/wp\/v2\/pages\/54","targetHints":{"allow":["GET"]}}],"collection":[{"href":"https:\/\/assvending08.com\/index.php?rest_route=\/wp\/v2\/pages"}],"about":[{"href":"https:\/\/assvending08.com\/index.php?rest_route=\/wp\/v2\/types\/page"}],"author":[{"embeddable":true,"href":"https:\/\/assvending08.com\/index.php?rest_route=\/wp\/v2\/users\/1"}],"replies":[{"embeddable":true,"href":"https:\/\/assvending08.com\/index.php?rest_route=%2Fwp%2Fv2%2Fcomments&post=54"}],"version-history":[{"count":159,"href":"https:\/\/assvending08.com\/index.php?rest_route=\/wp\/v2\/pages\/54\/revisions"}],"predecessor-version":[{"id":2650,"href":"https:\/\/assvending08.com\/index.php?rest_route=\/wp\/v2\/pages\/54\/revisions\/2650"}],"wp:attachment":[{"href":"https:\/\/assvending08.com\/index.php?rest_route=%2Fwp%2Fv2%2Fmedia&parent=54"}],"curies":[{"name":"wp","href":"https:\/\/api.w.org\/{rel}","templated":true}]}}