{"id":958,"date":"2022-01-27T11:46:32","date_gmt":"2022-01-27T11:46:32","guid":{"rendered":"https:\/\/assvending08.com\/?page_id=958"},"modified":"2023-10-23T11:44:58","modified_gmt":"2023-10-23T11:44:58","slug":"servicios","status":"publish","type":"page","link":"https:\/\/assvending08.com\/?page_id=958","title":{"rendered":"Servicios"},"content":{"rendered":"\t\t<div data-elementor-type=\"wp-page\" data-elementor-id=\"958\" class=\"elementor elementor-958\">\n\t\t\t\t\t\t<section class=\"elementor-section elementor-top-section elementor-element elementor-element-27b423f elementor-section-boxed elementor-section-height-default elementor-section-height-default\" data-id=\"27b423f\" data-element_type=\"section\" data-e-type=\"section\">\n\t\t\t\t\t\t<div class=\"elementor-container elementor-column-gap-extended\">\n\t\t\t\t\t<div class=\"elementor-column elementor-col-100 elementor-top-column elementor-element elementor-element-9801d48\" data-id=\"9801d48\" data-element_type=\"column\" data-e-type=\"column\">\n\t\t\t<div class=\"elementor-widget-wrap elementor-element-populated\">\n\t\t\t\t\t\t<div class=\"elementor-element elementor-element-0101fd1 elementor-widget elementor-widget-tw-services\" data-id=\"0101fd1\" data-element_type=\"widget\" data-e-type=\"widget\" data-widget_type=\"tw-services.default\">\n\t\t\t\t<div class=\"elementor-widget-container\">\n\t\t\t\t\t<div class=\"row\">            <div class=\"col-xl-4 col-md-6\">\r\n                <div class=\"icon_box_09 text-center\">\r\n                    <h2>01<\/h2>\r\n                    <div class=\"ib_box\">\r\n                        <img decoding=\"async\" src=\"https:\/\/assvending08.com\/wp-content\/uploads\/2022\/01\/Vending.svg\" alt=\"\" \/>                    <\/div>\r\n                    <div class=\"srThumb\">\r\n                        <img decoding=\"async\" src=\"https:\/\/assvending08.com\/wp-content\/uploads\/2022\/01\/24horas-Manises-Interior-01-1-scaled-307x260.jpg\" alt=\"Tienda 24 Horas\">\r\n                    <\/div>\r\n                    <h3><a href=\"https:\/\/assvending08.com\/?service=tienda-24-horas\">Tienda 24 Horas<\/a><\/h3>\r\n                                            <p>\r\n                            Dos tiendas 24 horas en Manises y Xirivella.                        <\/p>\r\n                                    <\/div>\r\n            <\/div>\r\n                        <div class=\"col-xl-4 col-md-6\">\r\n                <div class=\"icon_box_09 text-center\">\r\n                    <h2>02<\/h2>\r\n                    <div class=\"ib_box\">\r\n                        <img decoding=\"async\" src=\"https:\/\/assvending08.com\/wp-content\/uploads\/2022\/01\/building.svg\" alt=\"\" \/>                    <\/div>\r\n                    <div class=\"srThumb\">\r\n                        <img decoding=\"async\" src=\"https:\/\/assvending08.com\/wp-content\/uploads\/2022\/01\/Maquina-expendedora-307x260.jpg\" alt=\"M\u00e1quinas Expendedoras\">\r\n                    <\/div>\r\n                    <h3><a href=\"https:\/\/assvending08.com\/?service=maquinas-expendedoras\">M\u00e1quinas Expendedoras<\/a><\/h3>\r\n                                            <p>\r\n                            M\u00e1quinas expendedoras ubicadas en empresas.                        <\/p>\r\n                                    <\/div>\r\n            <\/div>\r\n            <\/div>\t\t\t\t<\/div>\n\t\t\t\t<\/div>\n\t\t\t\t\t<\/div>\n\t\t<\/div>\n\t\t\t\t\t<\/div>\n\t\t<\/section>\n\t\t\t\t<section class=\"elementor-section elementor-top-section elementor-element elementor-element-fa9183b elementor-section-boxed elementor-section-height-default elementor-section-height-default\" data-id=\"fa9183b\" data-element_type=\"section\" data-e-type=\"section\" data-settings=\"{&quot;background_background&quot;:&quot;classic&quot;}\">\n\t\t\t\t\t\t<div class=\"elementor-container elementor-column-gap-extended\">\n\t\t\t\t\t<div class=\"elementor-column elementor-col-50 elementor-top-column elementor-element elementor-element-fa4d8dc\" data-id=\"fa4d8dc\" data-element_type=\"column\" data-e-type=\"column\">\n\t\t\t<div class=\"elementor-widget-wrap elementor-element-populated\">\n\t\t\t\t\t\t<div class=\"elementor-element elementor-element-9b7f5e6 elementor-widget elementor-widget-tw-about-img\" data-id=\"9b7f5e6\" data-element_type=\"widget\" data-e-type=\"widget\" data-widget_type=\"tw-about-img.default\">\n\t\t\t\t<div class=\"elementor-widget-container\">\n\t\t\t\t\t            <div class=\"wpProcess\">\r\n                <img decoding=\"async\" src=\"https:\/\/assvending08.com\/wp-content\/uploads\/2023\/10\/woman-paying-for-product-at-vending-machine-using-_-utc.jpg\" alt=\"About\">\r\n                <div class=\"IconImage\"><img decoding=\"async\" src=\"https:\/\/assvending08.com\/wp-content\/uploads\/2023\/10\/Coffee.svg\" alt=\"Icon Image\"><\/div>            <\/div>\r\n            \t\t\t\t<\/div>\n\t\t\t\t<\/div>\n\t\t\t\t\t<\/div>\n\t\t<\/div>\n\t\t\t\t<div class=\"elementor-column elementor-col-50 elementor-top-column elementor-element elementor-element-f068e1e\" data-id=\"f068e1e\" data-element_type=\"column\" data-e-type=\"column\">\n\t\t\t<div class=\"elementor-widget-wrap elementor-element-populated\">\n\t\t\t\t\t\t<div class=\"elementor-element elementor-element-4c6d3d5 sec_t_align elementor-align-left elementor-widget elementor-widget-tw-sec-title\" data-id=\"4c6d3d5\" data-element_type=\"widget\" data-e-type=\"widget\" data-widget_type=\"tw-sec-title.default\">\n\t\t\t\t<div class=\"elementor-widget-container\">\n\t\t\t\t\t                    <div class=\"subTitle\">\r\n                                Proceso                            <\/div>\r\n                            <h2 class=\"secTitle\">C\u00f3mo Hacer Tu Solicitud<\/h2>\r\n                \t\t\t\t<\/div>\n\t\t\t\t<\/div>\n\t\t\t\t<div class=\"elementor-element elementor-element-238e55f box_holder elementor-align-left elementor-widget elementor-widget-tw-icon-box\" data-id=\"238e55f\" data-element_type=\"widget\" data-e-type=\"widget\" data-widget_type=\"tw-icon-box.default\">\n\t\t\t\t<div class=\"elementor-widget-container\">\n\t\t\t\t\t            <div class=\"icon_box_08 cmIbBox\">\r\n                <div class=\"ib_box\">\r\n                    <i class=\"icons-worldwide\"><\/i>                                            <span>01<\/span>\r\n                                    <\/div>\r\n                <h3>                    Zona de Inter\u00e9s                <\/h3>\r\n                <p>\r\n                    \u00bfEst\u00e1s dentro de nuestro \u00e1rea de servicio?Solo ofrecemos nuestros servicios en la zona de Alaquas, Aldaia, Quart de Poblet, Manises, Pica\u00f1a, Paiporta y Xirivella.                <\/p>\r\n            <\/div>\r\n            \t\t\t\t<\/div>\n\t\t\t\t<\/div>\n\t\t\t\t<div class=\"elementor-element elementor-element-e3fc3dc box_holder elementor-align-left elementor-widget elementor-widget-tw-icon-box\" data-id=\"e3fc3dc\" data-element_type=\"widget\" data-e-type=\"widget\" data-widget_type=\"tw-icon-box.default\">\n\t\t\t\t<div class=\"elementor-widget-container\">\n\t\t\t\t\t            <div class=\"icon_box_08 cmIbBox\">\r\n                <div class=\"ib_box\">\r\n                    <i class=\"icon-XjxC7N01\"><\/i>                                            <span>02<\/span>\r\n                                    <\/div>\r\n                <h3>                    Ponte en Contacto                <\/h3>\r\n                <p>\r\n                    Rellena el formulario de contactos y cu\u00e9ntanos qu\u00e9 es lo que necesitas.                <\/p>\r\n            <\/div>\r\n            \t\t\t\t<\/div>\n\t\t\t\t<\/div>\n\t\t\t\t<div class=\"elementor-element elementor-element-f9dacd5 box_holder elementor-align-left elementor-widget elementor-widget-tw-icon-box\" data-id=\"f9dacd5\" data-element_type=\"widget\" data-e-type=\"widget\" data-widget_type=\"tw-icon-box.default\">\n\t\t\t\t<div class=\"elementor-widget-container\">\n\t\t\t\t\t            <div class=\"icon_box_08 cmIbBox\">\r\n                <div class=\"ib_box\">\r\n                    <i class=\"icon-local_7\"><\/i>                                            <span>03<\/span>\r\n                                    <\/div>\r\n                <h3>                    Disfruta de Tu M\u00e1quina                <\/h3>\r\n                <p>\r\n                    As\u00ed de f\u00e1cil. Contactaremos contigo en la mayor brevedad posible y nos pondremos en marcha para que tengas tu m\u00e1quina expendedora.                <\/p>\r\n            <\/div>\r\n            \t\t\t\t<\/div>\n\t\t\t\t<\/div>\n\t\t\t\t\t<\/div>\n\t\t<\/div>\n\t\t\t\t\t<\/div>\n\t\t<\/section>\n\t\t\t\t<section class=\"elementor-section elementor-top-section elementor-element elementor-element-2938dd4 elementor-section-full_width elementor-section-height-default elementor-section-height-default\" data-id=\"2938dd4\" data-element_type=\"section\" data-e-type=\"section\">\n\t\t\t\t\t\t<div class=\"elementor-container elementor-column-gap-default\">\n\t\t\t\t\t<div class=\"elementor-column elementor-col-100 elementor-top-column elementor-element elementor-element-44aa1f5\" data-id=\"44aa1f5\" data-element_type=\"column\" data-e-type=\"column\">\n\t\t\t<div class=\"elementor-widget-wrap elementor-element-populated\">\n\t\t\t\t\t\t<div class=\"elementor-element elementor-element-11fb4af elementor-widget elementor-widget-heading\" data-id=\"11fb4af\" data-element_type=\"widget\" data-e-type=\"widget\" data-widget_type=\"heading.default\">\n\t\t\t\t<div class=\"elementor-widget-container\">\n\t\t\t\t\t<h2 class=\"elementor-heading-title elementor-size-default\">Revolucionando la Experiencia del Vending: ASS Vending 08 y las M\u00e1quinas Expendedoras<\/h2>\t\t\t\t<\/div>\n\t\t\t\t<\/div>\n\t\t\t\t<div class=\"elementor-element elementor-element-7151444 elementor-widget elementor-widget-text-editor\" data-id=\"7151444\" data-element_type=\"widget\" data-e-type=\"widget\" data-widget_type=\"text-editor.default\">\n\t\t\t\t<div class=\"elementor-widget-container\">\n\t\t\t\t\t\t\t\t\t<p>Las m\u00e1quinas expendedoras han recorrido un largo camino desde su invenci\u00f3n. En la actualidad, se han convertido en una parte integral de la vida cotidiana, proporcionando comodidad y acceso a una amplia gama de productos en una variedad de lugares, desde oficinas hasta estaciones de servicio. En este art\u00edculo, exploraremos el papel crucial de ASS Vending 08 en la evoluci\u00f3n de las m\u00e1quinas expendedoras y c\u00f3mo su enfoque en la calidad, la diversidad de productos y la satisfacci\u00f3n del cliente ha dejado una marca perdurable en la industria.<\/p>\t\t\t\t\t\t\t\t<\/div>\n\t\t\t\t<\/div>\n\t\t\t\t<section class=\"elementor-section elementor-inner-section elementor-element elementor-element-d6ecad6 elementor-section-full_width elementor-section-height-default elementor-section-height-default\" data-id=\"d6ecad6\" data-element_type=\"section\" data-e-type=\"section\">\n\t\t\t\t\t\t<div class=\"elementor-container elementor-column-gap-default\">\n\t\t\t\t\t<div class=\"elementor-column elementor-col-33 elementor-inner-column elementor-element elementor-element-84ccf44\" data-id=\"84ccf44\" data-element_type=\"column\" data-e-type=\"column\">\n\t\t\t<div class=\"elementor-widget-wrap elementor-element-populated\">\n\t\t\t\t\t\t<div class=\"elementor-element elementor-element-f963355 elementor-widget elementor-widget-heading\" data-id=\"f963355\" data-element_type=\"widget\" data-e-type=\"widget\" data-widget_type=\"heading.default\">\n\t\t\t\t<div class=\"elementor-widget-container\">\n\t\t\t\t\t<h3 class=\"elementor-heading-title elementor-size-default\">Innovaci\u00f3n en M\u00e1quinas Expendedoras<\/h3>\t\t\t\t<\/div>\n\t\t\t\t<\/div>\n\t\t\t\t<div class=\"elementor-element elementor-element-0e372ce elementor-widget elementor-widget-text-editor\" data-id=\"0e372ce\" data-element_type=\"widget\" data-e-type=\"widget\" data-widget_type=\"text-editor.default\">\n\t\t\t\t<div class=\"elementor-widget-container\">\n\t\t\t\t\t\t\t\t\t<p>Desde su inicio, ASS Vending 08 ha estado a la vanguardia de la innovaci\u00f3n en m\u00e1quinas expendedoras. Su compromiso con la calidad se refleja en la elecci\u00f3n de productos de alta calidad y m\u00e1quinas de \u00faltima generaci\u00f3n. Este enfoque en la innovaci\u00f3n ha llevado a m\u00e1quinas m\u00e1s eficientes, atractivas y vers\u00e1tiles que brindan una experiencia superior a los usuarios.<\/p>\t\t\t\t\t\t\t\t<\/div>\n\t\t\t\t<\/div>\n\t\t\t\t\t<\/div>\n\t\t<\/div>\n\t\t\t\t<div class=\"elementor-column elementor-col-33 elementor-inner-column elementor-element elementor-element-1dd797d\" data-id=\"1dd797d\" data-element_type=\"column\" data-e-type=\"column\">\n\t\t\t<div class=\"elementor-widget-wrap elementor-element-populated\">\n\t\t\t\t\t\t<div class=\"elementor-element elementor-element-7a21994 elementor-widget elementor-widget-heading\" data-id=\"7a21994\" data-element_type=\"widget\" data-e-type=\"widget\" data-widget_type=\"heading.default\">\n\t\t\t\t<div class=\"elementor-widget-container\">\n\t\t\t\t\t<h3 class=\"elementor-heading-title elementor-size-default\"> Diversidad de Productos<\/h3>\t\t\t\t<\/div>\n\t\t\t\t<\/div>\n\t\t\t\t<div class=\"elementor-element elementor-element-3246469 elementor-widget elementor-widget-text-editor\" data-id=\"3246469\" data-element_type=\"widget\" data-e-type=\"widget\" data-widget_type=\"text-editor.default\">\n\t\t\t\t<div class=\"elementor-widget-container\">\n\t\t\t\t\t\t\t\t\t<p>Una de las caracter\u00edsticas distintivas de ASS Vending 08 es la amplia variedad de productos que ofrecen. M\u00e1s all\u00e1 de los t\u00edpicos aperitivos y bebidas, su cat\u00e1logo incluye opciones saludables, alimentos gourmet, bebidas energ\u00e9ticas, caf\u00e9 de primera calidad y productos de cuidado personal. Esta diversidad garantiza que haya algo para todos los gustos y necesidades, lo que ha contribuido a su \u00e9xito en una variedad de entornos.<\/p>\t\t\t\t\t\t\t\t<\/div>\n\t\t\t\t<\/div>\n\t\t\t\t\t<\/div>\n\t\t<\/div>\n\t\t\t\t<div class=\"elementor-column elementor-col-33 elementor-inner-column elementor-element elementor-element-63a4c05\" data-id=\"63a4c05\" data-element_type=\"column\" data-e-type=\"column\">\n\t\t\t<div class=\"elementor-widget-wrap elementor-element-populated\">\n\t\t\t\t\t\t<div class=\"elementor-element elementor-element-a7f351e elementor-widget elementor-widget-heading\" data-id=\"a7f351e\" data-element_type=\"widget\" data-e-type=\"widget\" data-widget_type=\"heading.default\">\n\t\t\t\t<div class=\"elementor-widget-container\">\n\t\t\t\t\t<h3 class=\"elementor-heading-title elementor-size-default\">Satisfacci\u00f3n del Cliente y Fidelidad<\/h3>\t\t\t\t<\/div>\n\t\t\t\t<\/div>\n\t\t\t\t<div class=\"elementor-element elementor-element-0daf739 elementor-widget elementor-widget-text-editor\" data-id=\"0daf739\" data-element_type=\"widget\" data-e-type=\"widget\" data-widget_type=\"text-editor.default\">\n\t\t\t\t<div class=\"elementor-widget-container\">\n\t\t\t\t\t\t\t\t\t<p>ASS Vending 08 ha establecido relaciones s\u00f3lidas con sus clientes al hacer de la satisfacci\u00f3n del cliente su m\u00e1xima prioridad. Brindan un servicio confiable y est\u00e1n atentos a las necesidades espec\u00edficas de cada cliente. Esto ha llevado a una base de clientes leales y al reconocimiento de ASS Vending 08 como una empresa que se preocupa por la experiencia del cliente.<\/p>\t\t\t\t\t\t\t\t<\/div>\n\t\t\t\t<\/div>\n\t\t\t\t\t<\/div>\n\t\t<\/div>\n\t\t\t\t\t<\/div>\n\t\t<\/section>\n\t\t\t\t<div class=\"elementor-element elementor-element-98ec326 elementor-widget elementor-widget-text-editor\" data-id=\"98ec326\" data-element_type=\"widget\" data-e-type=\"widget\" data-widget_type=\"text-editor.default\">\n\t\t\t\t<div class=\"elementor-widget-container\">\n\t\t\t\t\t\t\t\t\t<p>En resumen, ASS Vending 08 ha dejado una huella significativa en la evoluci\u00f3n de las m\u00e1quinas expendedoras. Su enfoque en la innovaci\u00f3n, la diversidad de productos y la satisfacci\u00f3n del cliente ha establecido un est\u00e1ndar en la industria. A medida que las m\u00e1quinas expendedoras contin\u00faan evolucionando y desempe\u00f1ando un papel esencial en nuestra vida cotidiana, ASS Vending 08 sigue liderando el camino con soluciones de calidad y una dedicaci\u00f3n constante al cliente. Gracias a su compromiso, ASS Vending 08 ha cambiado la forma en que percibimos y experimentamos las m\u00e1quinas expendedoras.<\/p>\t\t\t\t\t\t\t\t<\/div>\n\t\t\t\t<\/div>\n\t\t\t\t\t<\/div>\n\t\t<\/div>\n\t\t\t\t\t<\/div>\n\t\t<\/section>\n\t\t\t\t<\/div>\n\t\t","protected":false},"excerpt":{"rendered":"<p>01 Tienda 24 Horas Dos tiendas 24 horas en Manises y Xirivella. 02 Productos Consumibles Suministro de productos a clientes que lo necesiten. 03 M\u00e1quinas Expendedoras M\u00e1quinas expendedoras ubicadas en empresas. Proceso C\u00f3mo Hacer Tu Solicitud 01 Zona de Inter\u00e9s \u00bfEst\u00e1s dentro de nuestro \u00e1rea de servicio?Solo ofrecemos nuestros servicios en la zona de Alaquas, [&hellip;]<\/p>\n","protected":false},"author":1,"featured_media":0,"parent":0,"menu_order":0,"comment_status":"closed","ping_status":"closed","template":"page-templates\/quera-full-width.php","meta":{"footnotes":""},"class_list":["post-958","page","type-page","status-publish","hentry"],"_links":{"self":[{"href":"https:\/\/assvending08.com\/index.php?rest_route=\/wp\/v2\/pages\/958","targetHints":{"allow":["GET"]}}],"collection":[{"href":"https:\/\/assvending08.com\/index.php?rest_route=\/wp\/v2\/pages"}],"about":[{"href":"https:\/\/assvending08.com\/index.php?rest_route=\/wp\/v2\/types\/page"}],"author":[{"embeddable":true,"href":"https:\/\/assvending08.com\/index.php?rest_route=\/wp\/v2\/users\/1"}],"replies":[{"embeddable":true,"href":"https:\/\/assvending08.com\/index.php?rest_route=%2Fwp%2Fv2%2Fcomments&post=958"}],"version-history":[{"count":114,"href":"https:\/\/assvending08.com\/index.php?rest_route=\/wp\/v2\/pages\/958\/revisions"}],"predecessor-version":[{"id":2684,"href":"https:\/\/assvending08.com\/index.php?rest_route=\/wp\/v2\/pages\/958\/revisions\/2684"}],"wp:attachment":[{"href":"https:\/\/assvending08.com\/index.php?rest_route=%2Fwp%2Fv2%2Fmedia&parent=958"}],"curies":[{"name":"wp","href":"https:\/\/api.w.org\/{rel}","templated":true}]}}